{"id":729,"date":"2020-11-19T15:57:00","date_gmt":"2020-11-19T15:57:00","guid":{"rendered":"http:\/\/68.183.145.254\/skyplanner\/?page_id=729"},"modified":"2021-09-28T18:23:09","modified_gmt":"2021-09-28T18:23:09","slug":"servicios-de-consultoria-de-salesforce","status":"publish","type":"page","link":"https:\/\/www.theskyplanner.com\/es\/servicios-de-consultoria-de-salesforce\/","title":{"rendered":"Servicios de Consultor\u00eda de Salesforce"},"content":{"rendered":"\n<h3 class=\"wp-block-heading\">Servicios para todas tus necesidades de Salesforce.<\/h3>\n\n\n\n<p>En SkyPlanner te ofrecemos servicios de consultor\u00eda de Salesforce que ayudar\u00e1n a potenciar el crecimiento de tu empresa, ya sea implementando una nueva soluci\u00f3n de la plataforma o ayud\u00e1ndote a mejorar su uso. Para ello haremos un estudio pormenorizado de los procesos de tu negocio, detectando y analizando sus principales problemas y retos. Examinaremos tus datos y exploraremos alternativas, procurando para ti recomendaciones que te permitir\u00e1n optimizar estos procesos y lograr tus objetivos m\u00e1s eficientemente.<\/p>\n\n\n\n<p>Nuestros servicios de consultor\u00eda est\u00e1n orientados a mejorar tu gesti\u00f3n de ventas, marketing, as\u00ed como tu servicio de atenci\u00f3n al cliente. No importa la industria a la que pertenezcas, contamos con profesionales certificados y de mucha experiencia que te asesorar\u00e1n en el camino a seguir.<\/p>\n\n\n\n<p>Con m\u00e1s de 600 proyectos realizados, nuestra compa\u00f1\u00eda est\u00e1 ampliamente capacitada para asistirte en la transformaci\u00f3n de tu negocio. Podemos asesorarte en buenas pr\u00e1cticas para un mejor uso de tu plataforma tecnol\u00f3gica, implementar soluciones personalizadas para tu organizaci\u00f3n u optimizar tu experiencia en Salesforce. Nuestros servicios de consultor\u00eda incluyen adem\u00e1s el entrenamiento necesario para ayudar a tu equipo en la adopci\u00f3n de un nuevo sistema y en una mejor toma de decisiones.<\/p>\n\n\n<div id=\"sky-services\" class=\"section section-services mt-5 mb-5\"><div class=\"row row-cols-lg-3 row-cols-md-2 row-cols-1\"><div class=\"col mb-4\"><div class=\"card h-100 border-0 shadow-sm mb-5 text-center\"><img decoding=\"async\" width=\"1\" height=\"1\" src=\"https:\/\/www.theskyplanner.com\/wp-content\/uploads\/2020\/10\/crm-2.svg\" class=\"card-img-top w-50 mt-5 h-auto mx-auto wp-post-image\" alt=\"CRM y Asesor\u00eda Tecnol\u00f3gica\" loading=\"lazy\" \/><div class=\"card-body\"><h4 class=\"card-title h5 fw-semibold text-secondary\">CRM y Asesor\u00eda Tecnol\u00f3gica<\/h4><p class=\"card-text\">Obt\u00e9n asistencia en la evaluaci\u00f3n del estado actual de tu empresa y la soluci\u00f3n de software que utilizas. Con nuestra experiencia y mejores pr\u00e1cticas te ayudaremos a transformar tu organizaci\u00f3n, desarrollando adem\u00e1s una estrategia que te permita aumentar tu productividad y tus ventas, as\u00ed como reducir costos. <\/p><\/div><div class=\"card-footer border-0 bg-white pb-5\"><a href=\"https:\/\/www.theskyplanner.com\/es\/servicios\/crm-asesoria-tecnologica\/\" class=\"btn btn-primary shadow-sm stretched-link\">M\u00e1s sobre este servicio<\/a><\/div><\/div><\/div><div class=\"col mb-4\"><div class=\"card h-100 border-0 shadow-sm mb-5 text-center\"><img decoding=\"async\" width=\"1\" height=\"1\" src=\"https:\/\/www.theskyplanner.com\/wp-content\/uploads\/2020\/10\/implementation-1.svg\" class=\"card-img-top w-50 mt-5 h-auto mx-auto wp-post-image\" alt=\"Servicios de Implementaci\u00f3n de Salesforce\" loading=\"lazy\" \/><div class=\"card-body\"><h4 class=\"card-title h5 fw-semibold text-secondary\">Servicios de Implementaci\u00f3n de Salesforce<\/h4><p class=\"card-text\">Mejora los resultados de tu negocio con la implementaci\u00f3n de una soluci\u00f3n personalizada de Salesforce. Sabemos que esto no es cosa de un d\u00eda, por eso te ofrecemos desde el principio la mejor implementaci\u00f3n seg\u00fan las caracter\u00edsticas y necesidades de tu empresa. Tenemos los conocimientos y la experiencia para ayudarte. <\/p><\/div><div class=\"card-footer border-0 bg-white pb-5\"><a href=\"https:\/\/www.theskyplanner.com\/es\/servicios\/servicios-implementacion-salesforce\/\" class=\"btn btn-primary shadow-sm stretched-link\">M\u00e1s sobre este servicio<\/a><\/div><\/div><\/div><div class=\"col mb-4\"><div class=\"card h-100 border-0 shadow-sm mb-5 text-center\"><img decoding=\"async\" width=\"1\" height=\"1\" src=\"https:\/\/www.theskyplanner.com\/wp-content\/uploads\/2020\/10\/quickstar-1.svg\" class=\"card-img-top w-50 mt-5 h-auto mx-auto wp-post-image\" alt=\"Paquetes de Inicio R\u00e1pido\" loading=\"lazy\" \/><div class=\"card-body\"><h4 class=\"card-title h5 fw-semibold text-secondary\">Paquetes de Inicio R\u00e1pido<\/h4><p class=\"card-text\">Comienza a utilizar Salesforce en unas pocas semanas. Con la gu\u00eda de nuestros expertos tendr\u00e1s una configuraci\u00f3n y asistencia personalizadas de manera r\u00e1pida y f\u00e1cil.  Te guiaremos en una mejor utilizaci\u00f3n de la plataforma, sentando una base s\u00f3lida que te permitir\u00e1 escalar el uso de Salesforce sin dificultades.<\/p><\/div><div class=\"card-footer border-0 bg-white pb-5\"><a href=\"https:\/\/www.theskyplanner.com\/es\/servicios\/paquetes-de-inicio-rapido-salesforce\/\" class=\"btn btn-primary shadow-sm stretched-link\">M\u00e1s sobre este servicio<\/a><\/div><\/div><\/div><div class=\"col mb-4\"><div class=\"card h-100 border-0 shadow-sm mb-5 text-center\"><img decoding=\"async\" width=\"1\" height=\"1\" src=\"https:\/\/www.theskyplanner.com\/wp-content\/uploads\/2020\/10\/training-1.svg\" class=\"card-img-top w-50 mt-5 h-auto mx-auto wp-post-image\" alt=\"Capacitaci\u00f3n y Adopci\u00f3n de la Plataforma\" loading=\"lazy\" \/><div class=\"card-body\"><h4 class=\"card-title h5 fw-semibold text-secondary\">Capacitaci\u00f3n y Adopci\u00f3n de la Plataforma<\/h4><p class=\"card-text\">Ayuda a tus empleados a aprovechar al m\u00e1ximo el potencial de Salesforce a trav\u00e9s de un entrenamiento personalizado. Nuestros programas de capacitaci\u00f3n y adopci\u00f3n de Salesforce est\u00e1n pensados con el objetivo de facilitar la preparaci\u00f3n de los usuarios, anim\u00e1ndolos a adentrarse en el mundo de esta plataforma. <\/p><\/div><div class=\"card-footer border-0 bg-white pb-5\"><a href=\"https:\/\/www.theskyplanner.com\/es\/servicios\/capacitacion-adopcion-salesforce\/\" class=\"btn btn-primary shadow-sm stretched-link\">M\u00e1s sobre este servicio<\/a><\/div><\/div><\/div><div class=\"col mb-4\"><div class=\"card h-100 border-0 shadow-sm mb-5 text-center\"><img decoding=\"async\" width=\"1\" height=\"1\" src=\"https:\/\/www.theskyplanner.com\/wp-content\/uploads\/2020\/10\/optimization-2.svg\" class=\"card-img-top w-50 mt-5 h-auto mx-auto wp-post-image\" alt=\"Optimizaci\u00f3n y Soporte de Salesforce\" loading=\"lazy\" \/><div class=\"card-body\"><h4 class=\"card-title h5 fw-semibold text-secondary\">Optimizaci\u00f3n y Soporte de Salesforce<\/h4><p class=\"card-text\">S\u00e9 m\u00e1s eficiente y productivo en tu negocio. Te mantendremos informado en los \u00faltimos productos e innovaciones de Salesforce, aplicando esos conocimientos a tu organizaci\u00f3n.  Nuestros servicios de optimizaci\u00f3n y soporte te permitir\u00e1n mejorar tus soluciones actuales y escalarlas a un costo menor. <\/p><\/div><div class=\"card-footer border-0 bg-white pb-5\"><a href=\"https:\/\/www.theskyplanner.com\/es\/servicios\/optimizacion-soporte-salesforce\/\" class=\"btn btn-primary shadow-sm stretched-link\">M\u00e1s sobre este servicio<\/a><\/div><\/div><\/div><div class=\"col mb-4\"><div class=\"card h-100 border-0 shadow-sm mb-5 text-center\"><img decoding=\"async\" width=\"1\" height=\"1\" src=\"https:\/\/www.theskyplanner.com\/wp-content\/uploads\/2020\/10\/bi-1.svg\" class=\"card-img-top w-50 mt-5 h-auto mx-auto wp-post-image\" alt=\"Inteligencia de Negocio\" loading=\"lazy\" \/><div class=\"card-body\"><h4 class=\"card-title h5 fw-semibold text-secondary\">Inteligencia de Negocio<\/h4><p class=\"card-text\">Decide sobre tu organizaci\u00f3n de una manera m\u00e1s r\u00e1pida e informada. Con nuestra experiencia podremos ayudarte a modernizar tus herramientas de inteligencia de negocios y convertir tus datos en informaci\u00f3n relevante para tomar decisiones comerciales m\u00e1s inteligentes. <\/p><\/div><div class=\"card-footer border-0 bg-white pb-5\"><a href=\"https:\/\/www.theskyplanner.com\/es\/servicios\/inteligencia-de-negocio\/\" class=\"btn btn-primary shadow-sm stretched-link\">M\u00e1s sobre este servicio<\/a><\/div><\/div><\/div><\/div><\/div>\n\n\n\n<h2 class=\"has-text-align-center mt-6 wp-block-heading\">Lee m\u00e1s en nuestro blog<\/h2>\n\n\n<div id=\"sky-posts\" class=\"section section-posts mt-5 mb-5\"><div class=\"row row-cols-lg-4 row-cols-md-2 row-cols-1\"><div class=\"col mb-4\"><div class=\"card card-blog h-100 border-0 shadow-sm\"><img decoding=\"async\" width=\"300\" height=\"169\" src=\"https:\/\/www.theskyplanner.com\/wp-content\/uploads\/2021\/05\/what-is-salesforce-consulting-partner-header-300x169.jpg\" class=\"card-img-top card-blog-img w-100 h-auto wp-post-image\" alt=\"\u00bfQu\u00e9 es un socio consultor de Salesforce y c\u00f3mo puede ayudarte?\" loading=\"lazy\" srcset=\"https:\/\/www.theskyplanner.com\/wp-content\/uploads\/2021\/05\/what-is-salesforce-consulting-partner-header-300x169.jpg 300w, https:\/\/www.theskyplanner.com\/wp-content\/uploads\/2021\/05\/what-is-salesforce-consulting-partner-header-1024x576.jpg 1024w, https:\/\/www.theskyplanner.com\/wp-content\/uploads\/2021\/05\/what-is-salesforce-consulting-partner-header-768x432.jpg 768w, https:\/\/www.theskyplanner.com\/wp-content\/uploads\/2021\/05\/what-is-salesforce-consulting-partner-header-1536x864.jpg 1536w, https:\/\/www.theskyplanner.com\/wp-content\/uploads\/2021\/05\/what-is-salesforce-consulting-partner-header.jpg 1920w\" sizes=\"auto, (max-width: 300px) 100vw, 300px\" \/><div class=\"card-body\"><h4 class=\"card-title h5\"><a href=\"https:\/\/www.theskyplanner.com\/es\/que-es-un-socio-consultor-de-salesforce\/\" class=\"text-secondary fw-semibold\">\u00bfQu\u00e9 es un socio consultor de Salesforce y c\u00f3mo puede ayudarte?<\/a><\/h4><div class=\"entry-meta mb-3 d-flex justify-content-start small\"><time class=\"me-3 mb-md-0 mb-3 d-flex align-items-center text-capitalize\"><img loading=\"lazy\" decoding=\"async\" src=\"https:\/\/www.theskyplanner.com\/wp-content\/themes\/sky\/assets\/svg\/calendar.svg\" width=\"16\" height=\"16\" class=\"me-1\" alt=\"Calendario\">mayo 31, 2024<\/time><div class=\" mb-md-0 mb-3 d-flex align-items-center\"><img loading=\"lazy\" decoding=\"async\" src=\"https:\/\/www.theskyplanner.com\/wp-content\/themes\/sky\/assets\/svg\/tag.svg\" width=\"16\" height=\"16\" class=\"me-1\" alt=\"Etiqueta\"><a href=\"https:\/\/www.theskyplanner.com\/es\/category\/salesforce-es\/\" class=\"text-body\">Salesforce<\/a><\/div><\/div><div class=\"text-break mb-3\">Implementar Salesforce demanda compromiso activo y experiencia t\u00e9cnica. \u00bfEst\u00e1s interesado en conocer c\u00f3mo pueden ayudarte los socios consultores de Salesforce? Ellos te ayudar\u00e1n a implementar integralmente la plataforma. De esta forma tu socio se ocupa de los detalles, para que puedas concentrarte en el desarrollo y crecimiento de tu negocio.<\/div><a href=\"https:\/\/www.theskyplanner.com\/es\/que-es-un-socio-consultor-de-salesforce\/\" class=\"fst-italic\">Lee esta publicaci\u00f3n<\/a><\/div><\/div><\/div><div class=\"col mb-4\"><div class=\"card card-blog h-100 border-0 shadow-sm\"><img decoding=\"async\" width=\"300\" height=\"169\" src=\"https:\/\/www.theskyplanner.com\/wp-content\/uploads\/2021\/09\/why-salesforce-header-300x169.jpg\" class=\"card-img-top card-blog-img w-100 h-auto wp-post-image\" alt=\"\u00bfPor qu\u00e9 elegir Salesforce para tu negocio?\" loading=\"lazy\" srcset=\"https:\/\/www.theskyplanner.com\/wp-content\/uploads\/2021\/09\/why-salesforce-header-300x169.jpg 300w, https:\/\/www.theskyplanner.com\/wp-content\/uploads\/2021\/09\/why-salesforce-header-1024x576.jpg 1024w, https:\/\/www.theskyplanner.com\/wp-content\/uploads\/2021\/09\/why-salesforce-header-768x432.jpg 768w, https:\/\/www.theskyplanner.com\/wp-content\/uploads\/2021\/09\/why-salesforce-header-1536x864.jpg 1536w, https:\/\/www.theskyplanner.com\/wp-content\/uploads\/2021\/09\/why-salesforce-header.jpg 1920w\" sizes=\"auto, (max-width: 300px) 100vw, 300px\" \/><div class=\"card-body\"><h4 class=\"card-title h5\"><a href=\"https:\/\/www.theskyplanner.com\/es\/por-que-elegir-salesforce-para-tu-negocio\/\" class=\"text-secondary fw-semibold\">\u00bfPor qu\u00e9 elegir Salesforce para tu negocio?<\/a><\/h4><div class=\"entry-meta mb-3 d-flex justify-content-start small\"><time class=\"me-3 mb-md-0 mb-3 d-flex align-items-center text-capitalize\"><img loading=\"lazy\" decoding=\"async\" src=\"https:\/\/www.theskyplanner.com\/wp-content\/themes\/sky\/assets\/svg\/calendar.svg\" width=\"16\" height=\"16\" class=\"me-1\" alt=\"Calendario\">septiembre 17, 2021<\/time><div class=\" mb-md-0 mb-3 d-flex align-items-center\"><img loading=\"lazy\" decoding=\"async\" src=\"https:\/\/www.theskyplanner.com\/wp-content\/themes\/sky\/assets\/svg\/tag.svg\" width=\"16\" height=\"16\" class=\"me-1\" alt=\"Etiqueta\"><a href=\"https:\/\/www.theskyplanner.com\/es\/category\/salesforce-es\/\" class=\"text-body\">Salesforce<\/a><\/div><\/div><div class=\"text-break mb-3\">Cuando hablamos del CRM n\u00famero 1 del mundo, solo viene un nombre a nuestra mente: Salesforce. Encontrar\u00e1s una gran variedad de softwares CRM que ofrecen funcionalidades b\u00e1sicas para la gesti\u00f3n eficiente de las relaciones con los clientes, pero \u00bfqu\u00e9 tiene Salesforce que lo hace tan distintivo del resto?<\/div><a href=\"https:\/\/www.theskyplanner.com\/es\/por-que-elegir-salesforce-para-tu-negocio\/\" class=\"fst-italic\">Lee esta publicaci\u00f3n<\/a><\/div><\/div><\/div><div class=\"col mb-4\"><div class=\"card card-blog h-100 border-0 shadow-sm\"><img decoding=\"async\" width=\"300\" height=\"169\" src=\"https:\/\/www.theskyplanner.com\/wp-content\/uploads\/2021\/08\/salesforce-admin-header-300x169.jpg\" class=\"card-img-top card-blog-img w-100 h-auto wp-post-image\" alt=\"\u00bfQu\u00e9 hace un administrador de Salesforce y por qu\u00e9 necesitas uno?\" loading=\"lazy\" srcset=\"https:\/\/www.theskyplanner.com\/wp-content\/uploads\/2021\/08\/salesforce-admin-header-300x169.jpg 300w, https:\/\/www.theskyplanner.com\/wp-content\/uploads\/2021\/08\/salesforce-admin-header-1024x576.jpg 1024w, https:\/\/www.theskyplanner.com\/wp-content\/uploads\/2021\/08\/salesforce-admin-header-768x432.jpg 768w, https:\/\/www.theskyplanner.com\/wp-content\/uploads\/2021\/08\/salesforce-admin-header-1536x864.jpg 1536w, https:\/\/www.theskyplanner.com\/wp-content\/uploads\/2021\/08\/salesforce-admin-header.jpg 1920w\" sizes=\"auto, (max-width: 300px) 100vw, 300px\" \/><div class=\"card-body\"><h4 class=\"card-title h5\"><a href=\"https:\/\/www.theskyplanner.com\/es\/que-hace-un-administrador-de-salesforce-y-por-que-necesitas-uno\/\" class=\"text-secondary fw-semibold\">\u00bfQu\u00e9 hace un administrador de Salesforce y por qu\u00e9 necesitas uno?<\/a><\/h4><div class=\"entry-meta mb-3 d-flex justify-content-start small\"><time class=\"me-3 mb-md-0 mb-3 d-flex align-items-center text-capitalize\"><img loading=\"lazy\" decoding=\"async\" src=\"https:\/\/www.theskyplanner.com\/wp-content\/themes\/sky\/assets\/svg\/calendar.svg\" width=\"16\" height=\"16\" class=\"me-1\" alt=\"Calendario\">agosto 27, 2021<\/time><div class=\" mb-md-0 mb-3 d-flex align-items-center\"><img loading=\"lazy\" decoding=\"async\" src=\"https:\/\/www.theskyplanner.com\/wp-content\/themes\/sky\/assets\/svg\/tag.svg\" width=\"16\" height=\"16\" class=\"me-1\" alt=\"Etiqueta\"><a href=\"https:\/\/www.theskyplanner.com\/es\/category\/salesforce-es\/\" class=\"text-body\">Salesforce<\/a><\/div><\/div><div class=\"text-break mb-3\">\u00bfHas escuchado hablar de los administradores de Salesforce? Son considerados superh\u00e9roes y colaboradores cercanos de los l\u00edderes empresariales porque tienen un conocimiento profundo sobre la gesti\u00f3n y administraci\u00f3n de una organizaci\u00f3n de Salesforce. En este art\u00edculo te sorprender\u00e1s al conocer las habilidades y capacidades de respuesta que poseen.<\/div><a href=\"https:\/\/www.theskyplanner.com\/es\/que-hace-un-administrador-de-salesforce-y-por-que-necesitas-uno\/\" class=\"fst-italic\">Lee esta publicaci\u00f3n<\/a><\/div><\/div><\/div><div class=\"col mb-4\"><div class=\"card card-blog h-100 border-0 shadow-sm\"><img decoding=\"async\" width=\"300\" height=\"169\" src=\"https:\/\/www.theskyplanner.com\/wp-content\/uploads\/2021\/05\/the-8-elements-your-training-user-adoption-plan-must-have-300x169.jpg\" class=\"card-img-top card-blog-img w-100 h-auto wp-post-image\" alt=\"Los 8 elementos que debe tener tu plan de capacitaci\u00f3n y adopci\u00f3n de usuarios.\" loading=\"lazy\" srcset=\"https:\/\/www.theskyplanner.com\/wp-content\/uploads\/2021\/05\/the-8-elements-your-training-user-adoption-plan-must-have-300x169.jpg 300w, https:\/\/www.theskyplanner.com\/wp-content\/uploads\/2021\/05\/the-8-elements-your-training-user-adoption-plan-must-have-1024x576.jpg 1024w, https:\/\/www.theskyplanner.com\/wp-content\/uploads\/2021\/05\/the-8-elements-your-training-user-adoption-plan-must-have-768x432.jpg 768w, https:\/\/www.theskyplanner.com\/wp-content\/uploads\/2021\/05\/the-8-elements-your-training-user-adoption-plan-must-have-1536x864.jpg 1536w, https:\/\/www.theskyplanner.com\/wp-content\/uploads\/2021\/05\/the-8-elements-your-training-user-adoption-plan-must-have.jpg 1920w\" sizes=\"auto, (max-width: 300px) 100vw, 300px\" \/><div class=\"card-body\"><h4 class=\"card-title h5\"><a href=\"https:\/\/www.theskyplanner.com\/es\/los-8-elementos-que-debe-tener-tu-plan-de-capacitacion-y-adopcion-de-usuarios\/\" class=\"text-secondary fw-semibold\">Los 8 elementos que debe tener tu plan de capacitaci\u00f3n y adopci\u00f3n de usuarios.<\/a><\/h4><div class=\"entry-meta mb-3 d-flex justify-content-start small\"><time class=\"me-3 mb-md-0 mb-3 d-flex align-items-center text-capitalize\"><img loading=\"lazy\" decoding=\"async\" src=\"https:\/\/www.theskyplanner.com\/wp-content\/themes\/sky\/assets\/svg\/calendar.svg\" width=\"16\" height=\"16\" class=\"me-1\" alt=\"Calendario\">mayo 14, 2021<\/time><div class=\" mb-md-0 mb-3 d-flex align-items-center\"><img loading=\"lazy\" decoding=\"async\" src=\"https:\/\/www.theskyplanner.com\/wp-content\/themes\/sky\/assets\/svg\/tag.svg\" width=\"16\" height=\"16\" class=\"me-1\" alt=\"Etiqueta\"><a href=\"https:\/\/www.theskyplanner.com\/es\/category\/salesforce-es\/\" class=\"text-body\">Salesforce<\/a><\/div><\/div><div class=\"text-break mb-3\">Utilizar Salesforce en tu negocio ha sido la mejor decisi\u00f3n que has tomado. Ahora es el momento de sacar el m\u00e1ximo provecho. Capacitar a tu equipo de trabajo ser\u00e1 la clave para alcanzar los resultados anhelados. Te presentamos 8 elementos imprescindibles para incluir en tu plan de capacitaci\u00f3n y te brindamos algunos consejos y recursos \u00fatiles.<\/div><a href=\"https:\/\/www.theskyplanner.com\/es\/los-8-elementos-que-debe-tener-tu-plan-de-capacitacion-y-adopcion-de-usuarios\/\" class=\"fst-italic\">Lee esta publicaci\u00f3n<\/a><\/div><\/div><\/div><\/div><\/div>\n","protected":false},"excerpt":{"rendered":"<p>Servicios para todas tus necesidades de Salesforce. En SkyPlanner te ofrecemos servicios de consultor\u00eda de Salesforce que ayudar\u00e1n a potenciar el crecimiento de tu empresa, ya sea implementando una nueva soluci\u00f3n de la plataforma o ayud\u00e1ndote a mejorar su uso. Para ello haremos un estudio pormenorizado de los procesos de tu negocio, detectando y analizando [&hellip;]<\/p>\n","protected":false},"author":17,"featured_media":15486,"parent":0,"menu_order":0,"comment_status":"closed","ping_status":"closed","template":"page-templates\/template-local.php","meta":{"pgc_sgb_lightbox_settings":"","footnotes":""},"class_list":["post-729","page","type-page","status-publish","has-post-thumbnail","hentry"],"_links":{"self":[{"href":"https:\/\/www.theskyplanner.com\/es\/wp-json\/wp\/v2\/pages\/729","targetHints":{"allow":["GET"]}}],"collection":[{"href":"https:\/\/www.theskyplanner.com\/es\/wp-json\/wp\/v2\/pages"}],"about":[{"href":"https:\/\/www.theskyplanner.com\/es\/wp-json\/wp\/v2\/types\/page"}],"author":[{"embeddable":true,"href":"https:\/\/www.theskyplanner.com\/es\/wp-json\/wp\/v2\/users\/17"}],"replies":[{"embeddable":true,"href":"https:\/\/www.theskyplanner.com\/es\/wp-json\/wp\/v2\/comments?post=729"}],"version-history":[{"count":4,"href":"https:\/\/www.theskyplanner.com\/es\/wp-json\/wp\/v2\/pages\/729\/revisions"}],"predecessor-version":[{"id":10251,"href":"https:\/\/www.theskyplanner.com\/es\/wp-json\/wp\/v2\/pages\/729\/revisions\/10251"}],"wp:featuredmedia":[{"embeddable":true,"href":"https:\/\/www.theskyplanner.com\/es\/wp-json\/wp\/v2\/media\/15486"}],"wp:attachment":[{"href":"https:\/\/www.theskyplanner.com\/es\/wp-json\/wp\/v2\/media?parent=729"}],"curies":[{"name":"wp","href":"https:\/\/api.w.org\/{rel}","templated":true}]}}