{"id":2940,"date":"2020-11-23T22:32:50","date_gmt":"2020-11-23T22:32:50","guid":{"rendered":"http:\/\/68.183.145.254\/skyplanner\/why-skyplanner\/"},"modified":"2023-04-03T21:37:01","modified_gmt":"2023-04-03T21:37:01","slug":"somos-diferentes","status":"publish","type":"page","link":"https:\/\/www.theskyplanner.com\/es\/somos-diferentes\/","title":{"rendered":"\u00bfPor qu\u00e9 SkyPlanner?"},"content":{"rendered":"<section id=\"sky-counter\" class=\"w-full section section-counter\"><div class=\"full-width bg-blue text-white mt-5 mb-5\"><div class=\"row g-0\"><div class=\"col-lg-4 d-md-flex align-items-md-center bg-blue-dark py-lg-6 px-lg-8 p-5\"><h3 class=\"fs-2 mx-auto ml-lg-auto fw-semibold text-center\">Y esta, es la raz\u00f3n<\/h3><\/div><div class=\"col-lg-8 d-md-flex align-items-md-center py-lg-6 px-lg-8 p-5\"><div class=\"row row-cols-md-5 row-cols-2 mx-auto w-100\"><div class=\"text-center mr-lg-auto mx-auto col mb-md-0 mb-5 mb-md-0\"><span class=\"fs-2 text-primary fw-bold d-block counter\">44<\/span><small class=\"fw-medium\">Miembros del Equipo<\/small><\/div><div class=\"text-center mr-lg-auto mx-auto col mb-md-0 mb-5 mb-md-0\"><span class=\"fs-2 text-primary fw-bold d-block counter\">100+<\/span><small class=\"fw-medium\">Certificaciones<\/small><\/div><div class=\"text-center mr-lg-auto mx-auto col mb-md-0 mb-5 mb-md-0\"><span class=\"fs-2 text-primary fw-bold d-block counter\">20<\/span><small class=\"fw-medium\">A\u00f1os de Experiencia IT<\/small><\/div><div class=\"text-center mr-lg-auto mx-auto col mb-md-0 mb-5 mb-md-0\"><span class=\"fs-2 text-primary fw-bold d-block counter\">130+<\/span><small class=\"fw-medium\">Clientes<\/small><\/div><div class=\"text-center mr-lg-auto mx-auto col mb-md-0 mb-5 mb-md-0\"><span class=\"fs-2 text-primary fw-bold d-block counter\">800+<\/span><small class=\"fw-medium\">Proyectos<\/small><\/div><\/div><\/div><\/div><\/div><\/section>\n\n\n\n<p class=\"has-text-align-center mt-6\">Hay cientos de socios Salesforce que pueden ayudarlo con su implementaci\u00f3n, entonces, <strong>\u00bfpor qu\u00e9 trabajar con nosotros?<\/strong> <br> Como nos gusta decir, todo est\u00e1 en los detalles.<\/p>\n\n\n\n<p class=\"has-text-align-center\">Si puedes pensarlo, lo hemos hecho. D\u00e9cadas de experiencia que abarcan diferentes industrias, pa\u00edses y culturas. Con cientos de implementaciones de Salesforce en m\u00e1s de 430 compa\u00f1\u00edas de todas las formas y tama\u00f1os, siempre brindando lo mejor de SkyPlanner a cada cliente, todos los d\u00edas, creando experiencias significativas para ayudar a transformar la forma en que se hacen negocios.<\/p>\n\n\n\n<h2 class=\"wp-block-heading has-text-align-center mt-5\">La singularidad nos hace m\u00e1s fuertes<\/h2>\n\n\n\n<p class=\"has-text-align-center\">En SkyPlanner, creemos en la <strong>diversidad<\/strong>, la <strong>igualdad<\/strong> y la <strong>inclusi\u00f3n<\/strong> como cimientos de un equipo exitoso, donde todos somos parte crucial de nuestra organizaci\u00f3n. Un ambiente de trabajo inclusivo forma parte de nuestra cultura. Es por eso que valoramos y respetamos las diferencias, y vemos en ellas una fortaleza que nos enriquece, haci\u00e9ndonos singulares y mejores. Nuestro compromiso es potenciar el talento, venga de donde venga, y proveer igualdad de oportunidades de desarrollo y realizaci\u00f3n profesional a todos los miembros de nuestro equipo.<\/p>\n\n\n<div class=\"wp-block-image w-full mt-5\">\n<figure class=\"aligncenter size-full\"><img loading=\"lazy\" decoding=\"async\" width=\"1920\" height=\"408\" src=\"https:\/\/www.theskyplanner.com\/wp-content\/uploads\/2022\/03\/diversity-equality-inclusion.webp\" alt=\"diversity-equality-inclusion\" class=\"wp-image-11821\" srcset=\"https:\/\/www.theskyplanner.com\/wp-content\/uploads\/2022\/03\/diversity-equality-inclusion.webp 1920w, https:\/\/www.theskyplanner.com\/wp-content\/uploads\/2022\/03\/diversity-equality-inclusion-300x64.webp 300w, https:\/\/www.theskyplanner.com\/wp-content\/uploads\/2022\/03\/diversity-equality-inclusion-1024x218.webp 1024w, https:\/\/www.theskyplanner.com\/wp-content\/uploads\/2022\/03\/diversity-equality-inclusion-768x163.webp 768w, https:\/\/www.theskyplanner.com\/wp-content\/uploads\/2022\/03\/diversity-equality-inclusion-1536x326.webp 1536w\" sizes=\"auto, (max-width: 1920px) 100vw, 1920px\" \/><\/figure>\n<\/div>\n\n<div id=\"sky-elements\" class=\"section section-elements w-full bg-transparent mt-5 mb-0 py-6\"><div class=\"container\"><h3 class=\"h2 text-center fw-semibold text-secondary mb-5\">Ventajas y beneficios de trabajar con nosotros.<\/h3><div class=\"row row-cols-lg-3 row-cols-md-2 row-cols-1\"><div class=\"col mb-4\"><div class=\"card bg-transparent h-100 border-0\"><img decoding=\"async\" src=\"https:\/\/www.theskyplanner.com\/wp-content\/uploads\/2020\/11\/We-guarantee.svg\" class=\"card-img-top w-25 h-auto mx-auto wp-post-image\" alt=\"Garantizamos la m\u00e1s alta calidad de trabajo.\" loading=\"lazy\" \/><div class=\"card-body text-center\"><h4 class=\"h5 card-title fw-semibold text-secondary\">Garantizamos la m\u00e1s alta calidad de trabajo.<\/h4><div class=\"text-break\">A diferencia de los competidores, no subcontratamos. En cambio, invertimos en nuestro propio equipo, contratando especialistas a tiempo completo que dominan las entra\u00f1as del negocio.<\/div><\/div><\/div><\/div><div class=\"col mb-4\"><div class=\"card bg-transparent h-100 border-0\"><img decoding=\"async\" src=\"https:\/\/www.theskyplanner.com\/wp-content\/uploads\/2020\/11\/We-are-multilingual.svg\" class=\"card-img-top w-25 h-auto mx-auto wp-post-image\" alt=\"Somos multiling\u00fces experimentados en nuestra ciencia.\" loading=\"lazy\" \/><div class=\"card-body text-center\"><h4 class=\"h5 card-title fw-semibold text-secondary\">Somos multiling\u00fces experimentados en nuestra ciencia.<\/h4><div class=\"text-break\">Tenemos d\u00e9cadas de experiencia trabajando con tecnolog\u00eda en una amplia gama de industrias y nos sentimos c\u00f3modos haci\u00e9ndolo en ingl\u00e9s, espa\u00f1ol, italiano y portugu\u00e9s.<\/div><\/div><\/div><\/div><div class=\"col mb-4\"><div class=\"card bg-transparent h-100 border-0\"><img decoding=\"async\" src=\"https:\/\/www.theskyplanner.com\/wp-content\/uploads\/2020\/11\/When-you-work-with-us.svg\" class=\"card-img-top w-25 h-auto mx-auto wp-post-image\" alt=\"Cuando trabajas con nosotros, no eres solo un cliente. Eres uno de nuestros socios.\" loading=\"lazy\" \/><div class=\"card-body text-center\"><h4 class=\"h5 card-title fw-semibold text-secondary\">Cuando trabajas con nosotros, no eres solo un cliente. Eres uno de nuestros socios.<\/h4><div class=\"text-break\">Creemos en el poder de ganar juntos y que tu \u00e9xito es nuestro \u00e9xito.<\/div><\/div><\/div><\/div><div class=\"col mb-4\"><div class=\"card bg-transparent h-100 border-0\"><img decoding=\"async\" src=\"https:\/\/www.theskyplanner.com\/wp-content\/uploads\/2020\/11\/understand-the-goals-sp.svg\" class=\"card-img-top w-25 h-auto mx-auto wp-post-image\" alt=\"Pensamos que te puede beneficiar m\u00e1s, siempre.\" loading=\"lazy\" \/><div class=\"card-body text-center\"><h4 class=\"h5 card-title fw-semibold text-secondary\">Pensamos que te puede beneficiar m\u00e1s, siempre.<\/h4><div class=\"text-break\">Nuestro lema es: si no lo usar\u00edamos en SkyPlanner, no lo recomendamos a nuestros clientes. Queremos solo lo mejor para tu negocio.<\/div><\/div><\/div><\/div><div class=\"col mb-4\"><div class=\"card bg-transparent h-100 border-0\"><img decoding=\"async\" src=\"https:\/\/www.theskyplanner.com\/wp-content\/uploads\/2020\/11\/We-dont-reinvent.svg\" class=\"card-img-top w-25 h-auto mx-auto wp-post-image\" alt=\"No reinventamos la rueda a menos que sea absolutamente necesario.\" loading=\"lazy\" \/><div class=\"card-body text-center\"><h4 class=\"h5 card-title fw-semibold text-secondary\">No reinventamos la rueda a menos que sea absolutamente necesario.<\/h4><div class=\"text-break\">Entendemos que Salesforce es una inversi\u00f3n considerable para tu empresa, por lo que intentamos maximizar lo que tienes actualmente antes de explorar otras opciones.<\/div><\/div><\/div><\/div><div class=\"col mb-4\"><div class=\"card bg-transparent h-100 border-0\"><img decoding=\"async\" src=\"https:\/\/www.theskyplanner.com\/wp-content\/uploads\/2020\/11\/We-are-always-learning.svg\" class=\"card-img-top w-25 h-auto mx-auto wp-post-image\" alt=\"Siempre estamos aprendiendo.\" loading=\"lazy\" \/><div class=\"card-body text-center\"><h4 class=\"h5 card-title fw-semibold text-secondary\">Siempre estamos aprendiendo.<\/h4><div class=\"text-break\">No lo sabemos todo, pero estamos dispuestos a aprender.<\/div><\/div><\/div><\/div><div class=\"col mb-4\"><div class=\"card bg-transparent h-100 border-0\"><img decoding=\"async\" src=\"https:\/\/www.theskyplanner.com\/wp-content\/uploads\/2020\/11\/Transparency.svg\" class=\"card-img-top w-25 h-auto mx-auto wp-post-image\" alt=\"La transparencia y la colaboraci\u00f3n est\u00e1n en nuestro ADN.\" loading=\"lazy\" \/><div class=\"card-body text-center\"><h4 class=\"h5 card-title fw-semibold text-secondary\">La transparencia y la colaboraci\u00f3n est\u00e1n en nuestro ADN.<\/h4><div class=\"text-break\">A diferencia de otras compa\u00f1\u00edas, avanzamos mejor al involucrar a nuestros socios en cada paso del camino y reconocemos que las grandes ideas pueden venir de cualquier parte.<\/div><\/div><\/div><\/div><div class=\"col mb-4\"><div class=\"card bg-transparent h-100 border-0\"><img decoding=\"async\" src=\"https:\/\/www.theskyplanner.com\/wp-content\/uploads\/2020\/11\/We-love-talking-about-Salesforce.svg\" class=\"card-img-top w-25 h-auto mx-auto wp-post-image\" alt=\"Nos encanta hablar de Salesforce y nos encanta ense\u00f1ar todo lo que sabemos.\" loading=\"lazy\" \/><div class=\"card-body text-center\"><h4 class=\"h5 card-title fw-semibold text-secondary\">Nos encanta hablar de Salesforce y nos encanta ense\u00f1ar todo lo que sabemos.<\/h4><div class=\"text-break\">\u00a1Salesforce es una gran herramienta que cualquiera puede usar! Queremos que tu equipo sea autosuficiente y haremos todo lo posible para que esto suceda.<\/div><\/div><\/div><\/div><div class=\"col mb-4\"><div class=\"card bg-transparent h-100 border-0\"><img decoding=\"async\" src=\"https:\/\/www.theskyplanner.com\/wp-content\/uploads\/2020\/11\/and-finally-sp.svg\" class=\"card-img-top w-25 h-auto mx-auto wp-post-image\" alt=\"Y finalmente, somos bien econ\u00f3micos\" loading=\"lazy\" \/><div class=\"card-body text-center\"><h4 class=\"h5 card-title fw-semibold text-secondary\">Y finalmente, somos bien econ\u00f3micos<\/h4><div class=\"text-break\">Nuestro equipo est\u00e1 capacitado para brindar la m\u00e1s alta calidad de trabajo, de manera r\u00e1pida y eficiente, ahorr\u00e1ndole tiempo y dinero.<\/div><\/div><\/div><\/div><\/div><\/div><\/div>\n","protected":false},"excerpt":{"rendered":"<p>Hay cientos de socios Salesforce que pueden ayudarlo con su implementaci\u00f3n, entonces, \u00bfpor qu\u00e9 trabajar con nosotros? Como nos gusta decir, todo est\u00e1 en los detalles. Si puedes pensarlo, lo hemos hecho. D\u00e9cadas de experiencia que abarcan diferentes industrias, pa\u00edses y culturas. Con cientos de implementaciones de Salesforce en m\u00e1s de 430 compa\u00f1\u00edas de todas [&hellip;]<\/p>\n","protected":false},"author":17,"featured_media":11826,"parent":0,"menu_order":0,"comment_status":"closed","ping_status":"closed","template":"","meta":{"pgc_sgb_lightbox_settings":"","footnotes":""},"class_list":["post-2940","page","type-page","status-publish","has-post-thumbnail","hentry"],"_links":{"self":[{"href":"https:\/\/www.theskyplanner.com\/es\/wp-json\/wp\/v2\/pages\/2940","targetHints":{"allow":["GET"]}}],"collection":[{"href":"https:\/\/www.theskyplanner.com\/es\/wp-json\/wp\/v2\/pages"}],"about":[{"href":"https:\/\/www.theskyplanner.com\/es\/wp-json\/wp\/v2\/types\/page"}],"author":[{"embeddable":true,"href":"https:\/\/www.theskyplanner.com\/es\/wp-json\/wp\/v2\/users\/17"}],"replies":[{"embeddable":true,"href":"https:\/\/www.theskyplanner.com\/es\/wp-json\/wp\/v2\/comments?post=2940"}],"version-history":[{"count":10,"href":"https:\/\/www.theskyplanner.com\/es\/wp-json\/wp\/v2\/pages\/2940\/revisions"}],"predecessor-version":[{"id":14981,"href":"https:\/\/www.theskyplanner.com\/es\/wp-json\/wp\/v2\/pages\/2940\/revisions\/14981"}],"wp:featuredmedia":[{"embeddable":true,"href":"https:\/\/www.theskyplanner.com\/es\/wp-json\/wp\/v2\/media\/11826"}],"wp:attachment":[{"href":"https:\/\/www.theskyplanner.com\/es\/wp-json\/wp\/v2\/media?parent=2940"}],"curies":[{"name":"wp","href":"https:\/\/api.w.org\/{rel}","templated":true}]}}