{"id":10080,"date":"2021-09-21T17:36:03","date_gmt":"2021-09-21T17:36:03","guid":{"rendered":"https:\/\/www.theskyplanner.com\/?page_id=10080"},"modified":"2021-09-21T17:36:06","modified_gmt":"2021-09-21T17:36:06","slug":"socios","status":"publish","type":"page","link":"https:\/\/www.theskyplanner.com\/es\/socios\/","title":{"rendered":"Socios"},"content":{"rendered":"<div id=\"sky-elements\" class=\"section section-elements w-full bg-transparent mt-5 mb-0 py-6\"><div class=\"container\"><div class=\"row row-cols-lg-3 row-cols-md-2 row-cols-1\"><div class=\"col mb-4\"><div class=\"card bg-transparent h-100 border-0\"><img decoding=\"async\" width=\"300\" height=\"300\" src=\"https:\/\/www.theskyplanner.com\/wp-content\/uploads\/2021\/09\/auctane.jpg\" class=\"card-img-top w-25 h-auto mx-auto wp-post-image\" alt=\"Auctane\" loading=\"lazy\" srcset=\"https:\/\/www.theskyplanner.com\/wp-content\/uploads\/2021\/09\/auctane.jpg 300w, https:\/\/www.theskyplanner.com\/wp-content\/uploads\/2021\/09\/auctane-150x150.jpg 150w\" sizes=\"auto, (max-width: 300px) 100vw, 300px\" \/><div class=\"card-body text-center\"><h4 class=\"h5 card-title fw-semibold text-secondary\">Auctane<\/h4><div class=\"text-break\">Auctane es un equipo de expertos en software y env\u00edo que se compromete a ayudar a los empresarios a trasladar sin esfuerzo sus ideas, sue\u00f1os e innovaciones en todo el mundo.<\/div><\/div><\/div><\/div><div class=\"col mb-4\"><div class=\"card bg-transparent h-100 border-0\"><img decoding=\"async\" width=\"300\" height=\"300\" src=\"https:\/\/www.theskyplanner.com\/wp-content\/uploads\/2021\/09\/neoris.jpg\" class=\"card-img-top w-25 h-auto mx-auto wp-post-image\" alt=\"NEORIS\" loading=\"lazy\" srcset=\"https:\/\/www.theskyplanner.com\/wp-content\/uploads\/2021\/09\/neoris.jpg 300w, https:\/\/www.theskyplanner.com\/wp-content\/uploads\/2021\/09\/neoris-150x150.jpg 150w\" sizes=\"auto, (max-width: 300px) 100vw, 300px\" \/><div class=\"card-body text-center\"><h4 class=\"h5 card-title fw-semibold text-secondary\">NEORIS<\/h4><div class=\"text-break\">NEORIS es un acelerador digital que combina un profundo conocimiento de la industria con la m\u00e1s alta experiencia tecnol\u00f3gica en el mercado, para crear soluciones personalizadas y as\u00ed superar los desaf\u00edos comerciales y crear un crecimiento disruptivo. <\/div><\/div><\/div><\/div><\/div><\/div><\/div>\n","protected":false},"excerpt":{"rendered":"","protected":false},"author":17,"featured_media":0,"parent":0,"menu_order":0,"comment_status":"closed","ping_status":"closed","template":"","meta":{"pgc_sgb_lightbox_settings":"","footnotes":""},"class_list":["post-10080","page","type-page","status-publish","hentry"],"_links":{"self":[{"href":"https:\/\/www.theskyplanner.com\/es\/wp-json\/wp\/v2\/pages\/10080","targetHints":{"allow":["GET"]}}],"collection":[{"href":"https:\/\/www.theskyplanner.com\/es\/wp-json\/wp\/v2\/pages"}],"about":[{"href":"https:\/\/www.theskyplanner.com\/es\/wp-json\/wp\/v2\/types\/page"}],"author":[{"embeddable":true,"href":"https:\/\/www.theskyplanner.com\/es\/wp-json\/wp\/v2\/users\/17"}],"replies":[{"embeddable":true,"href":"https:\/\/www.theskyplanner.com\/es\/wp-json\/wp\/v2\/comments?post=10080"}],"version-history":[{"count":1,"href":"https:\/\/www.theskyplanner.com\/es\/wp-json\/wp\/v2\/pages\/10080\/revisions"}],"predecessor-version":[{"id":10083,"href":"https:\/\/www.theskyplanner.com\/es\/wp-json\/wp\/v2\/pages\/10080\/revisions\/10083"}],"wp:attachment":[{"href":"https:\/\/www.theskyplanner.com\/es\/wp-json\/wp\/v2\/media?parent=10080"}],"curies":[{"name":"wp","href":"https:\/\/api.w.org\/{rel}","templated":true}]}}